{"id":1027,"date":"2020-02-28T16:57:09","date_gmt":"2020-02-28T16:57:09","guid":{"rendered":"http:\/\/www.municipalidadraulpenha.gov.py\/?page_id=1027"},"modified":"2020-03-04T14:42:59","modified_gmt":"2020-03-04T14:42:59","slug":"doctor-raul-pena-alto-parana-paraguay","status":"publish","type":"page","link":"https:\/\/www.municipalidadraulpenha.gov.py\/","title":{"rendered":"Doctor Ra\u00fal Pe\u00f1a ( Alto Paran\u00e1- Paraguay )"},"content":{"rendered":"<p><img loading=\"lazy\" decoding=\"async\" width=\"640\" height=\"349\" src=\"http:\/\/www.municipalidadraulpenha.gov.py\/wp-content\/uploads\/2020\/02\/Sin-t\u00edtulo2.jpg\" alt=\"\" srcset=\"http:\/\/www.municipalidadraulpenha.gov.py\/wp-content\/uploads\/2020\/02\/Sin-t\u00edtulo2.jpg 810w, http:\/\/www.municipalidadraulpenha.gov.py\/wp-content\/uploads\/2020\/02\/Sin-t\u00edtulo2-300x164.jpg 300w, http:\/\/www.municipalidadraulpenha.gov.py\/wp-content\/uploads\/2020\/02\/Sin-t\u00edtulo2-768x419.jpg 768w\" sizes=\"auto, (max-width: 640px) 100vw, 640px\"><\/p>\n<p>Doctor Ra\u00fal Pe\u00f1a es un distrito ubicado en el sur del departamento de Alto Paran\u00e1. Su actividad econ\u00f3mica se centra en la agricultura y ganader\u00eda y tiene una poblaci\u00f3n estimada en 9053 habitantes (DGEEC 2017).Form\u00f3 parte del territorio de Naranjal como una colonia, hasta que a trav\u00e9s de la ley 4725, promulgada el 11 de setiembre de 2012 por el Poder Ejecutivo se convierte en distrito. Fundada en 1977 por el inmigrante brasile\u00f1o Plinio Kleeman bajo el nombre de Nueva Rondon, quien a su vez era descendiente de inmigrantes alemanes que se asentaron en el distrito de Marechal C\u00e2ndido Rondon, Estado de Paran\u00e1 (Brasil).<\/p>\n<p>Dr. Ra\u00fal Pe\u00f1a anteriormente pertenec\u00eda al distrito de Naranjal, tambi\u00e9n de Alto Paran\u00e1, y lleva el nombre en honor a uno de los m\u00e1s prestigiosos doctores que tuvo el pa\u00eds, hijo del expresidente Pedro P. Pe\u00f1a y descendiente directo de Jos\u00e9 Gaspar Rodr\u00edguez de Francia.<\/p>\n<p>Hoy en d\u00eda esta ciudad est\u00e1 poblada por descendientes de aquellos inmigrantes italo-brasileros o germano-brasileros que llegaron a las f\u00e9rtiles tierras de Alto Paran\u00e1. En su gente puede verse la diversidad de razas y culturas porque se misturan mayormente la paraguaya y brasilera. Es un distrito netamente agr\u00edcola donde sus habitantes se dedican a trabajar la mayor parte del d\u00eda y uno aqu\u00ed aprecia su hospitalidad y cordialidad.<\/p>\n<p>El Santo Patrono es San Roque y se lo recuerda cada 16 de agosto. Sin embargo la fiesta en su honor se realiza el \u00faltimo domingo de agosto.<\/p>\n","protected":false},"excerpt":{"rendered":"<p>Doctor Ra\u00fal Pe\u00f1a es un distrito ubicado en el sur del departamento de Alto Paran\u00e1. Su actividad econ\u00f3mica se centra en la agricultura y ganader\u00eda y tiene una poblaci\u00f3n estimada en 9053 habitantes (DGEEC 2017).Form\u00f3 parte del territorio de Naranjal como una colonia, hasta que a trav\u00e9s de la ley 4725, promulgada el 11 de <a class=\"more-link\" href=\"https:\/\/www.municipalidadraulpenha.gov.py\/\">Leer m\u00e1s &#8230;<\/a><\/p>\n","protected":false},"author":4,"featured_media":0,"parent":0,"menu_order":0,"comment_status":"closed","ping_status":"closed","template":"","meta":{"footnotes":""},"class_list":["post-1027","page","type-page","status-publish","hentry"],"_links":{"self":[{"href":"https:\/\/www.municipalidadraulpenha.gov.py\/index.php\/wp-json\/wp\/v2\/pages\/1027","targetHints":{"allow":["GET"]}}],"collection":[{"href":"https:\/\/www.municipalidadraulpenha.gov.py\/index.php\/wp-json\/wp\/v2\/pages"}],"about":[{"href":"https:\/\/www.municipalidadraulpenha.gov.py\/index.php\/wp-json\/wp\/v2\/types\/page"}],"author":[{"embeddable":true,"href":"https:\/\/www.municipalidadraulpenha.gov.py\/index.php\/wp-json\/wp\/v2\/users\/4"}],"replies":[{"embeddable":true,"href":"https:\/\/www.municipalidadraulpenha.gov.py\/index.php\/wp-json\/wp\/v2\/comments?post=1027"}],"version-history":[{"count":7,"href":"https:\/\/www.municipalidadraulpenha.gov.py\/index.php\/wp-json\/wp\/v2\/pages\/1027\/revisions"}],"predecessor-version":[{"id":1052,"href":"https:\/\/www.municipalidadraulpenha.gov.py\/index.php\/wp-json\/wp\/v2\/pages\/1027\/revisions\/1052"}],"wp:attachment":[{"href":"https:\/\/www.municipalidadraulpenha.gov.py\/index.php\/wp-json\/wp\/v2\/media?parent=1027"}],"curies":[{"name":"wp","href":"https:\/\/api.w.org\/{rel}","templated":true}]}}